{"id":469,"date":"2023-02-13T15:26:37","date_gmt":"2023-02-13T14:26:37","guid":{"rendered":"http:\/\/osteopathe-nimes.com\/?page_id=469"},"modified":"2024-10-21T21:30:33","modified_gmt":"2024-10-21T19:30:33","slug":"cabinet-de-medecine-manuelle-et-dosteopathie-medicale","status":"publish","type":"page","link":"https:\/\/osteopathe-nimes.com\/","title":{"rendered":"Cabinet de M\u00e9decine Manuelle et d&#8217;Ost\u00e9opathie M\u00e9dicale"},"content":{"rendered":"\n<figure class=\"wp-block-image aligncenter size-large is-style-default wp-duotone-000000-ffffff-1\"><img loading=\"lazy\" decoding=\"async\" width=\"1920\" height=\"2560\" src=\"http:\/\/osteopathe-nimes.com\/wp-content\/uploads\/2023\/02\/IMG_7238-2-edited-scaled.jpg\" alt=\"\" class=\"wp-image-486\" srcset=\"https:\/\/osteopathe-nimes.com\/wp-content\/uploads\/2023\/02\/IMG_7238-2-edited-scaled.jpg 1920w, https:\/\/osteopathe-nimes.com\/wp-content\/uploads\/2023\/02\/IMG_7238-2-edited-225x300.jpg 225w, https:\/\/osteopathe-nimes.com\/wp-content\/uploads\/2023\/02\/IMG_7238-2-edited-768x1024.jpg 768w, https:\/\/osteopathe-nimes.com\/wp-content\/uploads\/2023\/02\/IMG_7238-2-edited-1152x1536.jpg 1152w, https:\/\/osteopathe-nimes.com\/wp-content\/uploads\/2023\/02\/IMG_7238-2-edited-1536x2048.jpg 1536w\" sizes=\"auto, (max-width: 1920px) 100vw, 1920px\" \/><figcaption class=\"wp-element-caption\">Je suis le Docteur Paul Curbili\u00e9<\/figcaption><\/figure>\n\n\n\n<hr class=\"wp-block-separator has-alpha-channel-opacity\"\/>\n\n\n\n<p class=\"has-medium-font-size\" style=\"margin-top:var(--wp--preset--spacing--40);margin-right:var(--wp--preset--spacing--40);margin-bottom:var(--wp--preset--spacing--40);margin-left:var(--wp--preset--spacing--40)\">M\u00e9decin g\u00e9n\u00e9raliste de formation, <\/p>\n\n\n\n<p class=\"has-medium-font-size\" style=\"margin-top:var(--wp--preset--spacing--40);margin-right:var(--wp--preset--spacing--40);margin-bottom:var(--wp--preset--spacing--40);margin-left:var(--wp--preset--spacing--40)\">Dipl\u00f4m\u00e9 en M\u00e9decine Manuelle et en Ost\u00e9opathie \u00e0 la facult\u00e9 de m\u00e9decine de N\u00eemes-Montpellier, <\/p>\n\n\n\n<p class=\"has-medium-font-size\" style=\"margin-top:var(--wp--preset--spacing--40);margin-right:var(--wp--preset--spacing--40);margin-bottom:var(--wp--preset--spacing--40);margin-left:var(--wp--preset--spacing--40)\">Je vous accompagne dans l&#8217;identification et le traitement de douleurs du rachis, des articulations mais aussi des maux de t\u00eate et des sensations vertigineuses d&#8217;origine cervicale.<\/p>\n\n\n\n<p class=\"has-medium-font-size\" style=\"margin-top:var(--wp--preset--spacing--40);margin-right:var(--wp--preset--spacing--40);margin-bottom:var(--wp--preset--spacing--40);margin-left:var(--wp--preset--spacing--40)\">Les consultations sont ouvertes et adapt\u00e9es \u00e0 tous les \u00e2ges et \u00e0 toutes les situations (enfants, adultes, personnes \u00e2g\u00e9es, femmes enceintes, sportifs). <\/p>\n\n\n\n<p class=\"has-medium-font-size\" style=\"margin-top:var(--wp--preset--spacing--40);margin-right:var(--wp--preset--spacing--40);margin-bottom:var(--wp--preset--spacing--40);margin-left:var(--wp--preset--spacing--40)\">La recherche d&#8217;un diagnostic pourra m&#8217;amener \u00e0 vous prescrire des imageries (radio, \u00e9chographie, scanner, IRM) en coordination avec votre m\u00e9decin traitant. <\/p>\n\n\n\n<p class=\"has-medium-font-size\" style=\"margin-top:var(--wp--preset--spacing--40);margin-right:var(--wp--preset--spacing--40);margin-bottom:var(--wp--preset--spacing--40);margin-left:var(--wp--preset--spacing--40)\">Je r\u00e9alise des actes adapt\u00e9s \u00e0 votre probl\u00e9matique (techniques cutan\u00e9es, massages profonds, manipulations non forc\u00e9es&#8230;). <\/p>\n\n\n\n<p class=\"has-medium-font-size\" style=\"margin-top:var(--wp--preset--spacing--40);margin-right:var(--wp--preset--spacing--40);margin-bottom:var(--wp--preset--spacing--40);margin-left:var(--wp--preset--spacing--40)\">Je vous accompagne dans le suivi de vos activit\u00e9s physiques et sportives.<\/p>\n\n\n\n<hr class=\"wp-block-separator has-alpha-channel-opacity\"\/>\n\n\n\n<p style=\"font-size:18px\">Le prix des consultations est fix\u00e9 \u00e0 70 \u20ac. Ma qualification de m\u00e9decin ost\u00e9opathe vous permet de b\u00e9n\u00e9ficier d&#8217;un <strong>remboursement \u00e0 hauteur de 33,5 \u20ac par la CPAM<\/strong> (merci de vous munir de votre carte vitale). La facture du compl\u00e9ment de 36,5 \u20ac sera \u00e0 adresser \u00e0 votre mutuelle pour obtenir le remboursement \u00e9quivalent \u00e0 un acte d&#8217;ost\u00e9opathie.<\/p>\n\n\n\n<p style=\"font-size:18px\">R\u00e8glement en esp\u00e8ces, en ch\u00e8ques. Je ne prends pas de CB. Merci<\/p>\n\n\n\n<hr class=\"wp-block-separator has-alpha-channel-opacity\"\/>\n\n\n\n<p><\/p>\n","protected":false},"excerpt":{"rendered":"<p>M\u00e9decin g\u00e9n\u00e9raliste de formation, Dipl\u00f4m\u00e9 en M\u00e9decine Manuelle et en Ost\u00e9opathie \u00e0 la facult\u00e9 de m\u00e9decine de N\u00eemes-Montpellier, Je vous accompagne dans l&#8217;identification et le traitement de douleurs du rachis, des articulations mais aussi des maux de t\u00eate et des sensations vertigineuses d&#8217;origine cervicale. Les consultations sont ouvertes et adapt\u00e9es \u00e0 tous les \u00e2ges et &hellip;<\/p>\n<p class=\"read-more\"> <a class=\"\" href=\"https:\/\/osteopathe-nimes.com\/\"> <span class=\"screen-reader-text\">Cabinet de M\u00e9decine Manuelle et d&#8217;Ost\u00e9opathie M\u00e9dicale<\/span> Read More &raquo;<\/a><\/p>\n","protected":false},"author":1,"featured_media":0,"parent":0,"menu_order":0,"comment_status":"closed","ping_status":"closed","template":"","meta":{"site-sidebar-layout":"default","site-content-layout":"default","ast-global-header-display":"","ast-main-header-display":"","ast-hfb-above-header-display":"","ast-hfb-below-header-display":"","ast-hfb-mobile-header-display":"","site-post-title":"","ast-breadcrumbs-content":"","ast-featured-img":"","footer-sml-layout":"","theme-transparent-header-meta":"","adv-header-id-meta":"","stick-header-meta":"","header-above-stick-meta":"","header-main-stick-meta":"","header-below-stick-meta":"","footnotes":""},"class_list":["post-469","page","type-page","status-publish","hentry"],"_links":{"self":[{"href":"https:\/\/osteopathe-nimes.com\/index.php\/wp-json\/wp\/v2\/pages\/469","targetHints":{"allow":["GET"]}}],"collection":[{"href":"https:\/\/osteopathe-nimes.com\/index.php\/wp-json\/wp\/v2\/pages"}],"about":[{"href":"https:\/\/osteopathe-nimes.com\/index.php\/wp-json\/wp\/v2\/types\/page"}],"author":[{"embeddable":true,"href":"https:\/\/osteopathe-nimes.com\/index.php\/wp-json\/wp\/v2\/users\/1"}],"replies":[{"embeddable":true,"href":"https:\/\/osteopathe-nimes.com\/index.php\/wp-json\/wp\/v2\/comments?post=469"}],"version-history":[{"count":16,"href":"https:\/\/osteopathe-nimes.com\/index.php\/wp-json\/wp\/v2\/pages\/469\/revisions"}],"predecessor-version":[{"id":517,"href":"https:\/\/osteopathe-nimes.com\/index.php\/wp-json\/wp\/v2\/pages\/469\/revisions\/517"}],"wp:attachment":[{"href":"https:\/\/osteopathe-nimes.com\/index.php\/wp-json\/wp\/v2\/media?parent=469"}],"curies":[{"name":"wp","href":"https:\/\/api.w.org\/{rel}","templated":true}]}}